{"id":355,"date":"2024-12-26T17:06:19","date_gmt":"2024-12-26T17:06:19","guid":{"rendered":"https:\/\/djwilson.arto.work\/about\/"},"modified":"2025-01-01T13:51:27","modified_gmt":"2025-01-01T12:51:27","slug":"about","status":"publish","type":"page","link":"https:\/\/djwilson.arto.work\/de\/about\/","title":{"rendered":"\u00dcber mich"},"content":{"rendered":"<div class=\"wp-block-uagb-container uagb-block-2225947e alignfull uagb-is-root-container\"><div class=\"uagb-container-inner-blocks-wrap\">\n<div class=\"wp-block-uagb-advanced-heading uagb-block-e75af158\"><h1 class=\"uagb-heading-text\">Lerne DJ Wilson kennen \u2013 der DJ hinter der Magie<\/h1><p class=\"uagb-desc-text\">Ich bin DJ Wilson, ein professioneller DJ, der von der Kraft der Musik angetrieben wird, unvergessliche Momente zu schaffen. Mit jahrelanger Erfahrung und einem Gesp\u00fcr f\u00fcr die Stimmung im Publikum bringe ich Energie, Verbindung und Freude in jede Hochzeit, Firmenfeier und private Party.<\/p><\/div>\n<\/div><\/div>\n\n\n\n<div class=\"wp-block-uagb-container uagb-layout-grid uagb-block-50f57b0a alignfull uagb-is-root-container\"><div class=\"uagb-container-inner-blocks-wrap\">\n<div class=\"wp-block-uagb-container uagb-block-6cc3a682\">\n<div class=\"wp-block-uagb-image uagb-block-f4d7ec7f wp-block-uagb-image--layout-default wp-block-uagb-image--effect-static wp-block-uagb-image--align-none\"><figure class=\"wp-block-uagb-image__figure\"><img decoding=\"async\" srcset=\"https:\/\/djwilson.arto.work\/wp-content\/uploads\/2024\/12\/djwilson-corporate-square-1024x1024.jpg ,https:\/\/djwilson.arto.work\/wp-content\/uploads\/2024\/12\/djwilson-corporate-square.jpg 780w, https:\/\/djwilson.arto.work\/wp-content\/uploads\/2024\/12\/djwilson-corporate-square.jpg 360w\" sizes=\"auto, (max-width: 480px) 150px\" src=\"https:\/\/djwilson.arto.work\/wp-content\/uploads\/2024\/12\/djwilson-corporate-square-1024x1024.jpg\" alt=\"DJ Wilson \u2013 Corporate Events\" class=\"uag-image-780\" width=\"800\" height=\"548\" title=\"djwilson-corporate-square\" loading=\"lazy\" role=\"img\"\/><\/figure><\/div>\n<\/div>\n\n\n\n<div class=\"wp-block-uagb-container uagb-block-5520b5e3\">\n<div class=\"wp-block-uagb-info-box uagb-block-500adc28 uagb-infobox__content-wrap  uagb-infobox-icon-above-title uagb-infobox-image-valign-top wp-block-uagb-info-box--has-margin\"><div class=\"uagb-infobox-margin-wrapper\"><div class=\"uagb-ifb-content\"><div class=\"uagb-ifb-title-wrap\"><p class=\"uagb-ifb-title-prefix\">Wilson Adebayo<\/p><h2 class=\"uagb-ifb-title\">Lerne DJ Wilson kennen \u2013 der DJ hinter der Musik<\/h2><\/div><p class=\"uagb-ifb-desc\">Hallo, ich bin DJ Wilson. Ich lebe in Z\u00fcrich, bin gl\u00fccklich verheiratet und stolzer Vater von zwei Kindern. Meine Leidenschaft f\u00fcr Musik begann in meiner Jugend, als ich bei kleinen Treffen Tracks f\u00fcr Freunde mixte. Was als Hobby begann, entwickelte sich zu einer Karriere, und seit \u00fcber 15 Jahren schaffe ich Momente, die Menschen zusammenbringen.<br>Ich spreche Englisch und Deutsch. Wenn ich nicht als DJ unterwegs bin, verbringe ich gerne Zeit mit meiner Familie, erkunde die Schweiz und entdecke neue Musik.<br>F\u00fcr mich ist das DJing mehr als nur Musik \u2013 es geht darum, Erinnerungen zu schaffen, die ein Leben lang halten.<\/p><\/div><\/div><\/div>\n<\/div>\n<\/div><\/div>\n\n\n\n<div class=\"wp-block-uagb-container uagb-layout-grid uagb-block-b2b136ac alignfull uagb-is-root-container\"><div class=\"uagb-container-inner-blocks-wrap\">\n<div class=\"wp-block-uagb-container uagb-block-6732cf0e\">\n<div class=\"wp-block-uagb-counter uagb-block-cddeb88a wp-block-uagb-counter--number\"><div class=\"wp-block-uagb-counter__number\"><span class=\"uagb-counter-block-number\" data-duration=\"1.5\" data-to-value=\"500\" data-from-value=\"0\" data-delimiter=\",\"><\/span><span class=\"uagb-counter-block-suffix\">+<\/span><\/div><div class=\"wp-block-uagb-counter__title\">Events<\/div><\/div>\n<\/div>\n\n\n\n<div class=\"wp-block-uagb-container uagb-block-3837840b\">\n<div class=\"wp-block-uagb-counter uagb-block-072ef5d0 wp-block-uagb-counter--number\"><div class=\"wp-block-uagb-counter__number\"><span class=\"uagb-counter-block-number\" data-duration=\"1.5\" data-to-value=\"15\" data-from-value=\"0\" data-delimiter=\",\"><\/span><span class=\"uagb-counter-block-suffix\">+<\/span><\/div><div class=\"wp-block-uagb-counter__title\">Jahre Erfahrung<\/div><\/div>\n<\/div>\n\n\n\n<div class=\"wp-block-uagb-container uagb-block-da8c9ff7\">\n<div class=\"wp-block-uagb-counter uagb-block-231ac69f wp-block-uagb-counter--number\"><div class=\"wp-block-uagb-counter__number\"><span class=\"uagb-counter-block-number\" data-duration=\"1.5\" data-to-value=\"500\" data-from-value=\"0\" data-delimiter=\",\"><\/span><span class=\"uagb-counter-block-suffix\">+<\/span><\/div><div class=\"wp-block-uagb-counter__title\">Gl\u00fcckliche Kund:innen<\/div><\/div>\n<\/div>\n\n\n\n<div class=\"wp-block-uagb-container uagb-block-e570700a\">\n<div class=\"wp-block-uagb-counter uagb-block-aaaa3899 wp-block-uagb-counter--number\"><div class=\"wp-block-uagb-counter__number\"><span class=\"uagb-counter-block-number\" data-duration=\"1.5\" data-to-value=\"4.9\" data-from-value=\"0\" data-delimiter=\",\"><\/span><\/div><div class=\"wp-block-uagb-counter__title\">Bewertung<\/div><\/div>\n<\/div>\n<\/div><\/div>\n\n\n\n<div class=\"wp-block-uagb-container uagb-layout-grid uagb-block-15cfcbba alignfull uagb-is-root-container\"><div class=\"uagb-container-inner-blocks-wrap\">\n<div class=\"wp-block-uagb-container uagb-block-ae2a80dc\">\n<div class=\"wp-block-uagb-info-box uagb-block-3be8134a uagb-infobox__content-wrap  uagb-infobox-icon-above-title uagb-infobox-image-valign-top wp-block-uagb-info-box--has-margin\"><div class=\"uagb-infobox-margin-wrapper\"><div class=\"uagb-ifb-content\"><div class=\"uagb-ifb-title-wrap\"><p class=\"uagb-ifb-title-prefix\">Warum DJ Wilson w\u00e4hlen?<\/p><h2 class=\"uagb-ifb-title\">Momente mit Bedeutung schaffen<\/h2><\/div><p class=\"uagb-ifb-desc\">Ich bringe Leidenschaft, K\u00f6nnen und eine pers\u00f6nliche Note in jedes Event, um eine musikalische Atmosph\u00e4re zu schaffen, die deine G\u00e4ste verbindet und deine Vision in eine lebendige Feier verwandelt.<\/p><\/div><\/div><\/div>\n\n\n\n<div class=\"wp-block-uagb-container uagb-layout-grid uagb-block-a9bfa1ba\">\n<div class=\"wp-block-uagb-info-box uagb-block-5d5a8ecd uagb-infobox__content-wrap  uagb-infobox-icon-left uagb-infobox-left uagb-infobox-image-valign-top\"><div class=\"uagb-ifb-icon-wrap\"><svg xmlns=\"https:\/\/www.w3.org\/2000\/svg\" viewbox=\"0 0 640 512\"><path d=\"M425.1 482.6c-2.303-1.25-4.572-2.559-6.809-3.93l-7.818 4.493c-6.002 3.504-12.83 5.352-19.75 5.352c-10.71 0-21.13-4.492-28.97-12.75c-18.41-20.09-32.29-44.15-40.22-69.9c-5.352-18.06 2.343-36.87 17.83-45.24l8.018-4.669c-.0664-2.621-.0664-5.242 0-7.859l-7.655-4.461c-12.3-6.953-19.4-19.66-19.64-33.38C305.6 306.3 290.4 304 274.7 304H173.3C77.61 304 0 381.7 0 477.4C0 496.5 15.52 512 34.66 512H413.3c5.727 0 10.9-1.727 15.66-4.188c-2.271-4.984-3.86-10.3-3.86-16.06V482.6zM224 256c70.7 0 128-57.31 128-128S294.7 0 224 0C153.3 0 96 57.31 96 128S153.3 256 224 256zM610.5 373.3c2.625-14 2.625-28.5 0-42.5l25.75-15c3-1.625 4.375-5.125 3.375-8.5c-6.75-21.5-18.25-41.13-33.25-57.38c-2.25-2.5-6-3.125-9-1.375l-25.75 14.88c-10.88-9.25-23.38-16.5-36.88-21.25V212.3c0-3.375-2.5-6.375-5.75-7c-22.25-5-45-4.875-66.25 0c-3.25 .625-5.625 3.625-5.625 7v29.88c-13.5 4.75-26 12-36.88 21.25L394.4 248.5c-2.875-1.75-6.625-1.125-9 1.375c-15 16.25-26.5 35.88-33.13 57.38c-1 3.375 .3751 6.875 3.25 8.5l25.75 15c-2.5 14-2.5 28.5 0 42.5l-25.75 15c-3 1.625-4.25 5.125-3.25 8.5c6.625 21.5 18.13 41 33.13 57.38c2.375 2.5 6 3.125 9 1.375l25.88-14.88c10.88 9.25 23.38 16.5 36.88 21.25v29.88c0 3.375 2.375 6.375 5.625 7c22.38 5 45 4.875 66.25 0c3.25-.625 5.75-3.625 5.75-7v-29.88c13.5-4.75 26-12 36.88-21.25l25.75 14.88c2.875 1.75 6.75 1.125 9-1.375c15-16.25 26.5-35.88 33.25-57.38c1-3.375-.3751-6.875-3.375-8.5L610.5 373.3zM496 400.5c-26.75 0-48.5-21.75-48.5-48.5s21.75-48.5 48.5-48.5c26.75 0 48.5 21.75 48.5 48.5S522.8 400.5 496 400.5z\"><\/path><\/svg><\/div><div class=\"uagb-ifb-content\"><div class=\"uagb-ifb-title-wrap\"><p class=\"uagb-ifb-title\">Stimmungsgarantie<\/p><\/div><p class=\"uagb-ifb-desc\">Ich lese den Raum, halte die Energie aufrecht und sorge daf\u00fcr, dass die Tanzfl\u00e4che die ganze Nacht voll bleibt.<\/p><\/div><\/div>\n\n\n\n<div class=\"wp-block-uagb-info-box uagb-block-2db6a8db uagb-infobox__content-wrap  uagb-infobox-icon-left uagb-infobox-left uagb-infobox-image-valign-top\"><div class=\"uagb-ifb-icon-wrap\"><svg xmlns=\"https:\/\/www.w3.org\/2000\/svg\" viewbox=\"0 0 640 512\"><path d=\"M496 224c-79.63 0-144 64.38-144 144s64.38 144 144 144s144-64.38 144-144S575.6 224 496 224zM544 384h-54.25C484.4 384 480 379.6 480 374.3V304c0-8.836 7.164-16 16-16c8.838 0 16 7.164 16 16v48h32c8.838 0 16 7.164 16 15.1S552.8 384 544 384zM224 256c70.7 0 128-57.31 128-128S294.7 0 224 0C153.3 0 96 57.31 96 128S153.3 256 224 256zM320 368c0-19.3 3.221-37.82 8.961-55.2C311.9 307.2 293.6 304 274.7 304H173.3C77.61 304 0 381.7 0 477.4C0 496.5 15.52 512 34.66 512H395C349.7 480.2 320 427.6 320 368z\"><\/path><\/svg><\/div><div class=\"uagb-ifb-content\"><div class=\"uagb-ifb-title-wrap\"><p class=\"uagb-ifb-title\">Vielf\u00e4ltige Musik<\/p><\/div><p class=\"uagb-ifb-desc\">Von zeitlosen Klassikern bis zu aktuellen Hits \u2013 ich mische Genres, um jeden Geschmack und jedes Alter zu begeistern.<\/p><\/div><\/div>\n\n\n\n<div class=\"wp-block-uagb-info-box uagb-block-79d6d561 uagb-infobox__content-wrap  uagb-infobox-icon-left uagb-infobox-left uagb-infobox-image-valign-top\"><div class=\"uagb-ifb-icon-wrap\"><svg xmlns=\"https:\/\/www.w3.org\/2000\/svg\" viewbox=\"0 0 640 512\"><path d=\"M223.1 256c70.7 0 128-57.31 128-128s-57.3-128-128-128C153.3 0 96 57.31 96 128S153.3 256 223.1 256zM274.7 304H173.3C77.61 304 0 381.7 0 477.4C0 496.5 15.52 512 34.66 512h286.4c-1.246-5.531-1.43-11.31-.2832-17.04l14.28-71.41c1.943-9.723 6.676-18.56 13.68-25.56l45.72-45.72C363.3 322.4 321.2 304 274.7 304zM371.4 420.6c-2.514 2.512-4.227 5.715-4.924 9.203l-14.28 71.41c-1.258 6.289 4.293 11.84 10.59 10.59l71.42-14.29c3.482-.6992 6.682-2.406 9.195-4.922l125.3-125.3l-72.01-72.01L371.4 420.6zM629.5 255.7l-21.1-21.11c-14.06-14.06-36.85-14.06-50.91 0l-38.13 38.14l72.01 72.01l38.13-38.13C643.5 292.5 643.5 269.7 629.5 255.7z\"><\/path><\/svg><\/div><div class=\"uagb-ifb-content\"><div class=\"uagb-ifb-title-wrap\"><p class=\"uagb-ifb-title\">Pers\u00f6nliche Note<\/p><\/div><p class=\"uagb-ifb-desc\">Gemeinsam setzen wir deine Vision um und lassen sie durch die Musik Wirklichkeit werden.<\/p><\/div><\/div>\n\n\n\n<div class=\"wp-block-uagb-info-box uagb-block-c2efcebb uagb-infobox__content-wrap  uagb-infobox-icon-left uagb-infobox-left uagb-infobox-image-valign-top\"><div class=\"uagb-ifb-icon-wrap\"><svg xmlns=\"https:\/\/www.w3.org\/2000\/svg\" viewbox=\"0 0 640 512\"><path d=\"M224 256c70.7 0 128-57.31 128-128S294.7 0 224 0C153.3 0 96 57.31 96 128S153.3 256 224 256zM274.7 304H173.3c-95.73 0-173.3 77.6-173.3 173.3C0 496.5 15.52 512 34.66 512H413.3C432.5 512 448 496.5 448 477.3C448 381.6 370.4 304 274.7 304zM479.1 320h-73.85C451.2 357.7 480 414.1 480 477.3C480 490.1 476.2 501.9 470 512h138C625.7 512 640 497.6 640 479.1C640 391.6 568.4 320 479.1 320zM432 256C493.9 256 544 205.9 544 144S493.9 32 432 32c-25.11 0-48.04 8.555-66.72 22.51C376.8 76.63 384 101.4 384 128c0 35.52-11.93 68.14-31.59 94.71C372.7 243.2 400.8 256 432 256z\"><\/path><\/svg><\/div><div class=\"uagb-ifb-content\"><div class=\"uagb-ifb-title-wrap\"><p class=\"uagb-ifb-title\">Individuelle Planung<\/p><\/div><p class=\"uagb-ifb-desc\">Durchdachte Planung sorgt daf\u00fcr, dass jedes Detail perfekt mit deinem Event harmoniert.<\/p><\/div><\/div>\n<\/div>\n<\/div>\n\n\n\n<div class=\"wp-block-uagb-container uagb-layout-grid uagb-block-17d1be46\">\n<div class=\"wp-block-uagb-image uagb-block-ece385a2 wp-block-uagb-image--layout-default wp-block-uagb-image--effect-static wp-block-uagb-image--align-none\"><figure class=\"wp-block-uagb-image__figure\"><img decoding=\"async\" srcset=\"https:\/\/djwilson.arto.work\/wp-content\/uploads\/2024\/12\/pexels-photo-2078071.jpeg ,https:\/\/djwilson.arto.work\/wp-content\/uploads\/2024\/12\/pexels-photo-2078071.jpeg 780w, https:\/\/djwilson.arto.work\/wp-content\/uploads\/2024\/12\/pexels-photo-2078071.jpeg 360w\" sizes=\"auto, (max-width: 480px) 150px\" src=\"https:\/\/djwilson.arto.work\/wp-content\/uploads\/2024\/12\/pexels-photo-2078071.jpeg\" alt=\"\" class=\"uag-image-12\" width=\"600\" height=\"264\" title=\"\" loading=\"lazy\" role=\"presentation\"\/><\/figure><\/div>\n\n\n\n<div class=\"wp-block-uagb-image uagb-block-c80403ed wp-block-uagb-image--layout-default wp-block-uagb-image--effect-static wp-block-uagb-image--align-none\"><figure class=\"wp-block-uagb-image__figure\"><img decoding=\"async\" srcset=\"https:\/\/djwilson.arto.work\/wp-content\/uploads\/2024\/12\/pexels-photo-2713711.jpeg ,https:\/\/djwilson.arto.work\/wp-content\/uploads\/2024\/12\/pexels-photo-2713711.jpeg 780w, https:\/\/djwilson.arto.work\/wp-content\/uploads\/2024\/12\/pexels-photo-2713711.jpeg 360w\" sizes=\"auto, (max-width: 480px) 150px\" src=\"https:\/\/djwilson.arto.work\/wp-content\/uploads\/2024\/12\/pexels-photo-2713711.jpeg\" alt=\"\" class=\"uag-image-13\" width=\"600\" height=\"264\" title=\"why-choose-me-02\" loading=\"lazy\" role=\"img\"\/><\/figure><\/div>\n<\/div>\n<\/div><\/div>\n\n\n\n<div class=\"wp-block-uagb-container uagb-block-851ec314 alignfull uagb-is-root-container\"><div class=\"uagb-container-inner-blocks-wrap\">\n<div class=\"wp-block-uagb-info-box uagb-block-4e657321 uagb-infobox__content-wrap  uagb-infobox-icon-above-title uagb-infobox-image-valign-top wp-block-uagb-info-box--has-margin\"><div class=\"uagb-infobox-margin-wrapper\"><div class=\"uagb-ifb-content\"><div class=\"uagb-ifb-title-wrap\"><p class=\"uagb-ifb-title-prefix\">Unvergessliche Momente<\/p><h2 class=\"uagb-ifb-title\">Events, die zu lebenslangen Erinnerungen werden<\/h2><\/div><p class=\"uagb-ifb-desc\">Ob emotionale Hochzeiten oder lebendige Firmenfeiern \u2013 ich schaffe eine Atmosph\u00e4re, die den Geist deines Anlasses einf\u00e4ngt. Mit Musik, die perfekt auf jeden Moment abgestimmt ist, sorge ich daf\u00fcr, dass dein Event einen bleibenden Eindruck bei dir und deinen G\u00e4sten hinterl\u00e4sst.<\/p><\/div><\/div><\/div>\n\n\n\n<figure class=\"wp-block-embed is-type-video is-provider-youtube wp-block-embed-youtube wp-embed-aspect-16-9 wp-has-aspect-ratio\"><div class=\"wp-block-embed__wrapper\">\n<iframe loading=\"lazy\" title=\"Profi DJ f\u00fcr Hochzeit und Events in Z\u00fcrich und der ganzen Schweiz.  Preis Ab 1100.- www.djwilson.ch\" width=\"500\" height=\"281\" src=\"https:\/\/www.youtube.com\/embed\/C3X2nwHY9Xw?feature=oembed\" frameborder=\"0\" allow=\"accelerometer; autoplay; clipboard-write; encrypted-media; gyroscope; picture-in-picture; web-share\" referrerpolicy=\"strict-origin-when-cross-origin\" allowfullscreen><\/iframe>\n<\/div><\/figure>\n<\/div><\/div>\n\n\n\n<div class=\"wp-block-uagb-container uagb-block-4d9f1c9f alignfull uagb-is-root-container\"><div class=\"uagb-container-inner-blocks-wrap\">\n<div class=\"wp-block-uagb-container uagb-block-d9bc673c\">\n<div class=\"wp-block-uagb-info-box uagb-block-833e209d uagb-infobox__content-wrap  uagb-infobox-icon-above-title uagb-infobox-image-valign-top\"><div class=\"uagb-ifb-content\"><div class=\"uagb-ifb-title-wrap\"><p class=\"uagb-ifb-title-prefix\">Bereit zum Feiern?<\/p><h2 class=\"uagb-ifb-title\">Lass uns dein Event unvergesslich machen!<\/h2><\/div><p class=\"uagb-ifb-desc\">Kontaktiere mich noch heute, um deine Vorstellungen zu besprechen, und lass mich \u2013 DJ Wilson \u2013 den perfekten Soundtrack f\u00fcr deinen besonderen Anlass gestalten.<\/p><div class=\"uagb-ifb-button-wrapper wp-block-button\"><a href=\"\/de\/contact\/\" class=\"uagb-infobox-cta-link wp-block-button__link\" target=\"_self\" rel=\"noopener noreferrer\" onclick=\"return true;\"><span class=\"uagb-inline-editing\">Buche dein Event<\/span><\/a><\/div><\/div><\/div>\n<\/div>\n<\/div><\/div>","protected":false},"excerpt":{"rendered":"<p>Meet DJ Wilson \u2013 The DJ Behind the Magic I\u2019m DJ Wilson, a professional DJ driven by the power of [&hellip;]<\/p>\n","protected":false},"author":1,"featured_media":0,"parent":0,"menu_order":0,"comment_status":"closed","ping_status":"closed","template":"","meta":{"_uag_custom_page_level_css":"","site-sidebar-layout":"default","site-content-layout":"","ast-site-content-layout":"default","site-content-style":"default","site-sidebar-style":"default","ast-global-header-display":"","ast-banner-title-visibility":"","ast-main-header-display":"","ast-hfb-above-header-display":"","ast-hfb-below-header-display":"","ast-hfb-mobile-header-display":"","site-post-title":"disabled","ast-breadcrumbs-content":"","ast-featured-img":"","footer-sml-layout":"","ast-disable-related-posts":"","theme-transparent-header-meta":"enabled","adv-header-id-meta":"","stick-header-meta":"","header-above-stick-meta":"","header-main-stick-meta":"","header-below-stick-meta":"","astra-migrate-meta-layouts":"default","ast-page-background-enabled":"default","ast-page-background-meta":{"desktop":{"background-color":"var(--ast-global-color-4)","background-image":"","background-repeat":"repeat","background-position":"center center","background-size":"auto","background-attachment":"scroll","background-type":"","background-media":"","overlay-type":"","overlay-color":"","overlay-opacity":"","overlay-gradient":""},"tablet":{"background-color":"","background-image":"","background-repeat":"repeat","background-position":"center center","background-size":"auto","background-attachment":"scroll","background-type":"","background-media":"","overlay-type":"","overlay-color":"","overlay-opacity":"","overlay-gradient":""},"mobile":{"background-color":"","background-image":"","background-repeat":"repeat","background-position":"center center","background-size":"auto","background-attachment":"scroll","background-type":"","background-media":"","overlay-type":"","overlay-color":"","overlay-opacity":"","overlay-gradient":""}},"ast-content-background-meta":{"desktop":{"background-color":"var(--ast-global-color-5)","background-image":"","background-repeat":"repeat","background-position":"center center","background-size":"auto","background-attachment":"scroll","background-type":"","background-media":"","overlay-type":"","overlay-color":"","overlay-opacity":"","overlay-gradient":""},"tablet":{"background-color":"var(--ast-global-color-5)","background-image":"","background-repeat":"repeat","background-position":"center center","background-size":"auto","background-attachment":"scroll","background-type":"","background-media":"","overlay-type":"","overlay-color":"","overlay-opacity":"","overlay-gradient":""},"mobile":{"background-color":"var(--ast-global-color-5)","background-image":"","background-repeat":"repeat","background-position":"center center","background-size":"auto","background-attachment":"scroll","background-type":"","background-media":"","overlay-type":"","overlay-color":"","overlay-opacity":"","overlay-gradient":""}},"footnotes":""},"class_list":["post-355","page","type-page","status-publish","hentry"],"uagb_featured_image_src":{"full":false,"thumbnail":false,"medium":false,"medium_large":false,"large":false,"1536x1536":false,"2048x2048":false,"trp-custom-language-flag":false},"uagb_author_info":{"display_name":"DJ Wilson","author_link":"https:\/\/djwilson.arto.work\/de\/author\/artosteiner\/"},"uagb_comment_info":0,"uagb_excerpt":"Meet DJ Wilson \u2013 The DJ Behind the Magic I\u2019m DJ Wilson, a professional DJ driven by the power of [&hellip;]","_links":{"self":[{"href":"https:\/\/djwilson.arto.work\/de\/wp-json\/wp\/v2\/pages\/355","targetHints":{"allow":["GET"]}}],"collection":[{"href":"https:\/\/djwilson.arto.work\/de\/wp-json\/wp\/v2\/pages"}],"about":[{"href":"https:\/\/djwilson.arto.work\/de\/wp-json\/wp\/v2\/types\/page"}],"author":[{"embeddable":true,"href":"https:\/\/djwilson.arto.work\/de\/wp-json\/wp\/v2\/users\/1"}],"replies":[{"embeddable":true,"href":"https:\/\/djwilson.arto.work\/de\/wp-json\/wp\/v2\/comments?post=355"}],"version-history":[{"count":13,"href":"https:\/\/djwilson.arto.work\/de\/wp-json\/wp\/v2\/pages\/355\/revisions"}],"predecessor-version":[{"id":859,"href":"https:\/\/djwilson.arto.work\/de\/wp-json\/wp\/v2\/pages\/355\/revisions\/859"}],"wp:attachment":[{"href":"https:\/\/djwilson.arto.work\/de\/wp-json\/wp\/v2\/media?parent=355"}],"curies":[{"name":"wp","href":"https:\/\/api.w.org\/{rel}","templated":true}]}}