{"id":356,"date":"2024-12-26T17:06:19","date_gmt":"2024-12-26T17:06:19","guid":{"rendered":"https:\/\/djwilson.arto.work\/services\/"},"modified":"2025-01-15T01:49:30","modified_gmt":"2025-01-15T00:49:30","slug":"services","status":"publish","type":"page","link":"https:\/\/djwilson.arto.work\/de\/services\/","title":{"rendered":"Angebot"},"content":{"rendered":"<div class=\"wp-block-uagb-container uagb-block-2225947e alignfull uagb-is-root-container\"><div class=\"uagb-container-inner-blocks-wrap\">\n<div class=\"wp-block-uagb-advanced-heading uagb-block-e75af158\"><h1 class=\"uagb-heading-text\">Mehr als nur Musik \u2013 Der Herzschlag deines Events in Z\u00fcrich und dar\u00fcber hinaus<\/h1><p class=\"uagb-desc-text\">Ich spiele nicht einfach nur Lieder. Ich erschaffe eine lebendige Atmosph\u00e4re, in der Musik zum Teil der Geschichte deiner Feier wird \u2013 egal, ob in Z\u00fcrich oder anderswo in der Schweiz.<\/p><\/div>\n<\/div><\/div>\n\n\n\n<div class=\"wp-block-uagb-container uagb-layout-grid uagb-block-73c33870 alignfull uagb-is-root-container\"><div class=\"uagb-container-inner-blocks-wrap\">\n<div class=\"wp-block-uagb-container uagb-block-71a6640a\">\n<div class=\"wp-block-uagb-image uagb-block-19c27270 wp-block-uagb-image--layout-default wp-block-uagb-image--effect-static wp-block-uagb-image--align-none\"><figure class=\"wp-block-uagb-image__figure\"><img decoding=\"async\" srcset=\"https:\/\/djwilson.arto.work\/wp-content\/uploads\/2025\/01\/wilson05-1024x768.jpg ,https:\/\/djwilson.arto.work\/wp-content\/uploads\/2025\/01\/wilson05.jpg 780w, https:\/\/djwilson.arto.work\/wp-content\/uploads\/2025\/01\/wilson05.jpg 360w\" sizes=\"auto, (max-width: 480px) 150px\" src=\"https:\/\/djwilson.arto.work\/wp-content\/uploads\/2025\/01\/wilson05-1024x768.jpg\" alt=\"\" class=\"uag-image-937\" width=\"600\" height=\"300\" title=\"wilson05\" loading=\"lazy\" role=\"img\"\/><\/figure><\/div>\n\n\n\n<div class=\"wp-block-uagb-advanced-heading uagb-block-10ef0e28\"><h2 class=\"uagb-heading-text\">Hochzeiten<\/h2><p class=\"uagb-desc-text\">Ein pers\u00f6nlicher Soundtrack, der die Freude deines besonderen Tages widerspiegelt, eine Atmosph\u00e4re schafft, in der deine G\u00e4ste mitgerissen und am Tanzen sind, und jeden Moment unvergesslich macht.<\/p><\/div>\n\n\n\n<div class=\"wp-block-uagb-buttons uagb-buttons__outer-wrap uagb-btn__default-btn uagb-btn-tablet__default-btn uagb-btn-mobile__default-btn uagb-block-6bd49c19\"><div class=\"uagb-buttons__wrap uagb-buttons-layout-wrap\">\n<div class=\"wp-block-uagb-buttons-child uagb-buttons__outer-wrap uagb-block-b8b9cb4a wp-block-button\"><div class=\"uagb-button__wrapper\"><a class=\"uagb-buttons-repeater wp-block-button__link\" aria-label=\"\" href=\"https:\/\/djwilson.arto.work\/de\/services\/wedding-dj-in-zuerich-dj-wilson\/\" rel=\"follow noopener\" target=\"_self\" role=\"button\"><div class=\"uagb-button__link\">Buche deinen Hochzeits-DJ<\/div><\/a><\/div><\/div>\n<\/div><\/div>\n<\/div>\n\n\n\n<div class=\"wp-block-uagb-container uagb-block-389edbfe\">\n<div class=\"wp-block-uagb-image uagb-block-01c1edb4 wp-block-uagb-image--layout-default wp-block-uagb-image--effect-static wp-block-uagb-image--align-none\"><figure class=\"wp-block-uagb-image__figure\"><img decoding=\"async\" srcset=\"https:\/\/djwilson.arto.work\/wp-content\/uploads\/2025\/01\/event-1024x683.jpg ,https:\/\/djwilson.arto.work\/wp-content\/uploads\/2025\/01\/event-scaled.jpg 780w, https:\/\/djwilson.arto.work\/wp-content\/uploads\/2025\/01\/event-scaled.jpg 360w\" sizes=\"auto, (max-width: 480px) 150px\" src=\"https:\/\/djwilson.arto.work\/wp-content\/uploads\/2025\/01\/event-1024x683.jpg\" alt=\"\" class=\"uag-image-844\" width=\"600\" height=\"300\" title=\"event\" loading=\"lazy\" role=\"img\"\/><\/figure><\/div>\n\n\n\n<div class=\"wp-block-uagb-advanced-heading uagb-block-08a01a2d\"><h2 class=\"uagb-heading-text\">Firmenfeiern<\/h2><p class=\"uagb-desc-text\">Ein Event, das Eleganz und Energie vereint, den perfekten Ton trifft und f\u00fcr eine lebendige Atmosph\u00e4re sorgt, damit dein Team und deine G\u00e4ste inspiriert und verbunden bleiben.<\/p><\/div>\n\n\n\n<div class=\"wp-block-uagb-buttons uagb-buttons__outer-wrap uagb-btn__default-btn uagb-btn-tablet__default-btn uagb-btn-mobile__default-btn uagb-block-fa0b678f\"><div class=\"uagb-buttons__wrap uagb-buttons-layout-wrap\">\n<div class=\"wp-block-uagb-buttons-child uagb-buttons__outer-wrap uagb-block-4e670c9f wp-block-button\"><div class=\"uagb-button__wrapper\"><a class=\"uagb-buttons-repeater wp-block-button__link\" aria-label=\"\" href=\"https:\/\/djwilson.arto.work\/de\/services\/corporate-event-dj-in-zurich-and-beyond\/\" rel=\"follow noopener\" target=\"_self\" role=\"button\"><div class=\"uagb-button__link\">Buche deinen Event-DJ<\/div><\/a><\/div><\/div>\n<\/div><\/div>\n<\/div>\n\n\n\n<div class=\"wp-block-uagb-container uagb-block-0bc5ae90\">\n<div class=\"wp-block-uagb-image uagb-block-fdae3e36 wp-block-uagb-image--layout-default wp-block-uagb-image--effect-static wp-block-uagb-image--align-none\"><figure class=\"wp-block-uagb-image__figure\"><img decoding=\"async\" srcset=\"https:\/\/djwilson.arto.work\/wp-content\/uploads\/2025\/01\/party04-1024x683.jpg ,https:\/\/djwilson.arto.work\/wp-content\/uploads\/2025\/01\/party04.jpg 780w, https:\/\/djwilson.arto.work\/wp-content\/uploads\/2025\/01\/party04.jpg 360w\" sizes=\"auto, (max-width: 480px) 150px\" src=\"https:\/\/djwilson.arto.work\/wp-content\/uploads\/2025\/01\/party04-1024x683.jpg\" alt=\"\" class=\"uag-image-922\" width=\"600\" height=\"300\" title=\"party04\" loading=\"lazy\" role=\"img\"\/><\/figure><\/div>\n\n\n\n<div class=\"wp-block-uagb-advanced-heading uagb-block-ac78f50b\"><h2 class=\"uagb-heading-text\">Private Feiern<\/h2><p class=\"uagb-desc-text\">Musik, die perfekt zur Stimmung deiner Feier passt, jeden Gast begeistert und dein Event zu einem unvergesslichen Erlebnis macht.<\/p><\/div>\n\n\n\n<div class=\"wp-block-uagb-buttons uagb-buttons__outer-wrap uagb-btn__default-btn uagb-btn-tablet__default-btn uagb-btn-mobile__default-btn uagb-block-828dffde\"><div class=\"uagb-buttons__wrap uagb-buttons-layout-wrap\">\n<div class=\"wp-block-uagb-buttons-child uagb-buttons__outer-wrap uagb-block-1bb0dcd9 wp-block-button\"><div class=\"uagb-button__wrapper\"><a class=\"uagb-buttons-repeater wp-block-button__link\" aria-label=\"\" href=\"https:\/\/djwilson.arto.work\/de\/services\/private-party-dj-in-zurich-and-beyond\/\" rel=\"follow noopener\" target=\"_self\" role=\"button\"><div class=\"uagb-button__link\">Buche deinen Party-DJ<\/div><\/a><\/div><\/div>\n<\/div><\/div>\n<\/div>\n\n\n\n<div class=\"wp-block-uagb-container uagb-block-bdae4c62\">\n<div class=\"wp-block-uagb-image uagb-block-b86f8338 wp-block-uagb-image--layout-default wp-block-uagb-image--effect-static wp-block-uagb-image--align-none\"><figure class=\"wp-block-uagb-image__figure\"><img decoding=\"async\" srcset=\"https:\/\/djwilson.arto.work\/wp-content\/uploads\/2024\/12\/djwilsonsmile-1024x683.jpg ,https:\/\/djwilson.arto.work\/wp-content\/uploads\/2024\/12\/djwilsonsmile.jpg 780w, https:\/\/djwilson.arto.work\/wp-content\/uploads\/2024\/12\/djwilsonsmile.jpg 360w\" sizes=\"auto, (max-width: 480px) 150px\" src=\"https:\/\/djwilson.arto.work\/wp-content\/uploads\/2024\/12\/djwilsonsmile-1024x683.jpg\" alt=\"\" class=\"uag-image-835\" width=\"600\" height=\"300\" title=\"djwilsonsmile\" loading=\"lazy\" role=\"img\"\/><\/figure><\/div>\n\n\n\n<div class=\"wp-block-uagb-advanced-heading uagb-block-6fc1c7c0\"><h2 class=\"uagb-heading-text\">Event-Beratung<\/h2><p class=\"uagb-desc-text\">Ein individuell abgestimmtes Musikerlebnis, das deine Vision Wirklichkeit werden l\u00e4sst und sicherstellt, dass jedes Detail zum Thema und zur Atmosph\u00e4re deines Events passt.<\/p><\/div>\n\n\n\n<div class=\"wp-block-uagb-buttons uagb-buttons__outer-wrap uagb-btn__default-btn uagb-btn-tablet__default-btn uagb-btn-mobile__default-btn uagb-block-914b4528\"><div class=\"uagb-buttons__wrap uagb-buttons-layout-wrap\">\n<div class=\"wp-block-uagb-buttons-child uagb-buttons__outer-wrap uagb-block-bf41611b wp-block-button\"><div class=\"uagb-button__wrapper\"><a class=\"uagb-buttons-repeater wp-block-button__link\" aria-label=\"\" href=\"https:\/\/djwilson.arto.work\/de\/contact\/\" rel=\"follow noopener\" target=\"_self\" role=\"button\"><div class=\"uagb-button__link\">Kontaktiere mich<\/div><\/a><\/div><\/div>\n<\/div><\/div>\n<\/div>\n\n\n\n<div class=\"wp-block-uagb-container uagb-block-0c6a93a5\">\n<div class=\"wp-block-uagb-image uagb-block-80a0da21 wp-block-uagb-image--layout-default wp-block-uagb-image--effect-static wp-block-uagb-image--align-none\"><figure class=\"wp-block-uagb-image__figure\"><img decoding=\"async\" srcset=\"https:\/\/djwilson.arto.work\/wp-content\/uploads\/2025\/01\/wilson15-1024x768.jpg ,https:\/\/djwilson.arto.work\/wp-content\/uploads\/2025\/01\/wilson15.jpg 780w, https:\/\/djwilson.arto.work\/wp-content\/uploads\/2025\/01\/wilson15.jpg 360w\" sizes=\"auto, (max-width: 480px) 150px\" src=\"https:\/\/djwilson.arto.work\/wp-content\/uploads\/2025\/01\/wilson15-1024x768.jpg\" alt=\"\" class=\"uag-image-943\" width=\"600\" height=\"300\" title=\"wilson15\" loading=\"lazy\" role=\"img\"\/><\/figure><\/div>\n\n\n\n<div class=\"wp-block-uagb-advanced-heading uagb-block-4feab849\"><h2 class=\"uagb-heading-text\">Vielf\u00e4ltige Musik<\/h2><p class=\"uagb-desc-text\">Eine vielf\u00e4ltige Musikauswahl, die alle begeistert \u2013 von zeitlosen Klassikern bis hin zu modernen Hits. So entsteht der perfekte Soundtrack f\u00fcr jeden Moment.<\/p><\/div>\n<\/div>\n\n\n\n<div class=\"wp-block-uagb-container uagb-block-2aa671e5\">\n<div class=\"wp-block-uagb-image uagb-block-99792940 wp-block-uagb-image--layout-default wp-block-uagb-image--effect-static wp-block-uagb-image--align-none\"><figure class=\"wp-block-uagb-image__figure\"><img decoding=\"async\" srcset=\"https:\/\/djwilson.arto.work\/wp-content\/uploads\/2025\/01\/djset-1024x683.jpg ,https:\/\/djwilson.arto.work\/wp-content\/uploads\/2025\/01\/djset-scaled.jpg 780w, https:\/\/djwilson.arto.work\/wp-content\/uploads\/2025\/01\/djset-scaled.jpg 360w\" sizes=\"auto, (max-width: 480px) 150px\" src=\"https:\/\/djwilson.arto.work\/wp-content\/uploads\/2025\/01\/djset-1024x683.jpg\" alt=\"\" class=\"uag-image-845\" width=\"600\" height=\"300\" title=\"djset\" loading=\"lazy\" role=\"img\"\/><\/figure><\/div>\n\n\n\n<div class=\"wp-block-uagb-advanced-heading uagb-block-42b96d89\"><h2 class=\"uagb-heading-text\">Nahtlose \u00dcberg\u00e4nge<\/h2><p class=\"uagb-desc-text\">Ein makelloser Musikfluss, der die Energie hochh\u00e4lt und daf\u00fcr sorgt, dass dein Event reibungslos von einem Moment zum n\u00e4chsten \u00fcbergeht \u2013 ohne Unterbrechung.<\/p><\/div>\n<\/div>\n<\/div><\/div>\n\n\n\n<div class=\"wp-block-uagb-container uagb-block-4d9f1c9f alignfull uagb-is-root-container\"><div class=\"uagb-container-inner-blocks-wrap\">\n<div class=\"wp-block-uagb-container uagb-block-d9bc673c\">\n<div class=\"wp-block-uagb-info-box uagb-block-833e209d uagb-infobox__content-wrap  uagb-infobox-icon-above-title uagb-infobox-image-valign-top\"><div class=\"uagb-ifb-content\"><div class=\"uagb-ifb-title-wrap\"><p class=\"uagb-ifb-title-prefix\">Bereit zum Feiern?<\/p><h2 class=\"uagb-ifb-title\">Lass uns dein Event unvergesslich machen!<\/h2><\/div><p class=\"uagb-ifb-desc\">Kontaktiere mich noch heute, um deine Vorstellungen zu besprechen, und lass mich \u2013 DJ Wilson \u2013 den perfekten Soundtrack f\u00fcr deinen besonderen Anlass gestalten.<\/p><div class=\"uagb-ifb-button-wrapper wp-block-button\"><a href=\"\/de\/contact\/\" class=\"uagb-infobox-cta-link wp-block-button__link\" target=\"_self\" rel=\"noopener noreferrer\" onclick=\"return true;\"><span class=\"uagb-inline-editing\">Buche dein Event<\/span><\/a><\/div><\/div><\/div>\n<\/div>\n<\/div><\/div>","protected":false},"excerpt":{"rendered":"<p>More Than Just Music\u2014It\u2019s the Heartbeat of Your Event in Z\u00fcrich and Beyond I don\u2019t just play songs. I create [&hellip;]<\/p>\n","protected":false},"author":1,"featured_media":0,"parent":0,"menu_order":0,"comment_status":"closed","ping_status":"closed","template":"","meta":{"_uag_custom_page_level_css":"","site-sidebar-layout":"default","site-content-layout":"","ast-site-content-layout":"default","site-content-style":"default","site-sidebar-style":"default","ast-global-header-display":"","ast-banner-title-visibility":"","ast-main-header-display":"","ast-hfb-above-header-display":"","ast-hfb-below-header-display":"","ast-hfb-mobile-header-display":"","site-post-title":"disabled","ast-breadcrumbs-content":"","ast-featured-img":"","footer-sml-layout":"","ast-disable-related-posts":"","theme-transparent-header-meta":"enabled","adv-header-id-meta":"","stick-header-meta":"","header-above-stick-meta":"","header-main-stick-meta":"","header-below-stick-meta":"","astra-migrate-meta-layouts":"default","ast-page-background-enabled":"default","ast-page-background-meta":{"desktop":{"background-color":"var(--ast-global-color-4)","background-image":"","background-repeat":"repeat","background-position":"center center","background-size":"auto","background-attachment":"scroll","background-type":"","background-media":"","overlay-type":"","overlay-color":"","overlay-opacity":"","overlay-gradient":""},"tablet":{"background-color":"","background-image":"","background-repeat":"repeat","background-position":"center center","background-size":"auto","background-attachment":"scroll","background-type":"","background-media":"","overlay-type":"","overlay-color":"","overlay-opacity":"","overlay-gradient":""},"mobile":{"background-color":"","background-image":"","background-repeat":"repeat","background-position":"center center","background-size":"auto","background-attachment":"scroll","background-type":"","background-media":"","overlay-type":"","overlay-color":"","overlay-opacity":"","overlay-gradient":""}},"ast-content-background-meta":{"desktop":{"background-color":"var(--ast-global-color-5)","background-image":"","background-repeat":"repeat","background-position":"center center","background-size":"auto","background-attachment":"scroll","background-type":"","background-media":"","overlay-type":"","overlay-color":"","overlay-opacity":"","overlay-gradient":""},"tablet":{"background-color":"var(--ast-global-color-5)","background-image":"","background-repeat":"repeat","background-position":"center center","background-size":"auto","background-attachment":"scroll","background-type":"","background-media":"","overlay-type":"","overlay-color":"","overlay-opacity":"","overlay-gradient":""},"mobile":{"background-color":"var(--ast-global-color-5)","background-image":"","background-repeat":"repeat","background-position":"center center","background-size":"auto","background-attachment":"scroll","background-type":"","background-media":"","overlay-type":"","overlay-color":"","overlay-opacity":"","overlay-gradient":""}},"footnotes":""},"class_list":["post-356","page","type-page","status-publish","hentry"],"uagb_featured_image_src":{"full":false,"thumbnail":false,"medium":false,"medium_large":false,"large":false,"1536x1536":false,"2048x2048":false,"trp-custom-language-flag":false},"uagb_author_info":{"display_name":"DJ Wilson","author_link":"https:\/\/djwilson.arto.work\/de\/author\/artosteiner\/"},"uagb_comment_info":0,"uagb_excerpt":"More Than Just Music\u2014It\u2019s the Heartbeat of Your Event in Z\u00fcrich and Beyond I don\u2019t just play songs. I create [&hellip;]","_links":{"self":[{"href":"https:\/\/djwilson.arto.work\/de\/wp-json\/wp\/v2\/pages\/356","targetHints":{"allow":["GET"]}}],"collection":[{"href":"https:\/\/djwilson.arto.work\/de\/wp-json\/wp\/v2\/pages"}],"about":[{"href":"https:\/\/djwilson.arto.work\/de\/wp-json\/wp\/v2\/types\/page"}],"author":[{"embeddable":true,"href":"https:\/\/djwilson.arto.work\/de\/wp-json\/wp\/v2\/users\/1"}],"replies":[{"embeddable":true,"href":"https:\/\/djwilson.arto.work\/de\/wp-json\/wp\/v2\/comments?post=356"}],"version-history":[{"count":11,"href":"https:\/\/djwilson.arto.work\/de\/wp-json\/wp\/v2\/pages\/356\/revisions"}],"predecessor-version":[{"id":959,"href":"https:\/\/djwilson.arto.work\/de\/wp-json\/wp\/v2\/pages\/356\/revisions\/959"}],"wp:attachment":[{"href":"https:\/\/djwilson.arto.work\/de\/wp-json\/wp\/v2\/media?parent=356"}],"curies":[{"name":"wp","href":"https:\/\/api.w.org\/{rel}","templated":true}]}}