{"id":358,"date":"2024-12-26T17:06:19","date_gmt":"2024-12-26T17:06:19","guid":{"rendered":"https:\/\/djwilson.arto.work\/testimonials\/"},"modified":"2024-12-28T12:27:45","modified_gmt":"2024-12-28T11:27:45","slug":"testimonials","status":"publish","type":"page","link":"https:\/\/djwilson.arto.work\/de\/testimonials\/","title":{"rendered":"Testimonials"},"content":{"rendered":"<div class=\"wp-block-uagb-container uagb-block-2225947e alignfull uagb-is-root-container\"><div class=\"uagb-container-inner-blocks-wrap\">\n<div class=\"wp-block-uagb-advanced-heading uagb-block-e75af158\"><h1 class=\"uagb-heading-text\">Die Erinnerungen, die ich mitgestalte<\/h1><p class=\"uagb-desc-text\">Erfahre von meinen Kunden, wie ich mit Freude, Energie und unvergesslichen Momenten ihre Feiern bereichert habe. Ihre Geschichten zeigen, warum ich die vertrauensw\u00fcrdige Wahl bin, um Events in lebenslange Erinnerungen zu verwandeln.<\/p><\/div>\n<\/div><\/div>\n\n\n\n<div class=\"wp-block-uagb-container uagb-layout-grid uagb-block-ed2d7719 alignfull uagb-is-root-container\"><div class=\"uagb-container-inner-blocks-wrap\">\n<div class=\"wp-block-uagb-container uagb-block-ff19a03c\">\n<div class=\"wp-block-uagb-slider uagb-block-f8dff158 uagb-slider-container\"><div class=\"uagb-slides uagb-swiper\"><div class=\"swiper-wrapper\">\n<div class=\"wp-block-uagb-slider-child uagb-slider-child-wrap swiper-slide uagb-block-f94b00ab\"><div class=\"swiper-content\">\n<div class=\"wp-block-uagb-image uagb-block-f494192b wp-block-uagb-image--layout-default wp-block-uagb-image--effect-static wp-block-uagb-image--align-none\"><figure class=\"wp-block-uagb-image__figure\"><img decoding=\"async\" srcset=\"https:\/\/djwilson.arto.work\/wp-content\/uploads\/2024\/12\/pexels-photo-2078071.jpeg ,https:\/\/djwilson.arto.work\/wp-content\/uploads\/2024\/12\/pexels-photo-2078071.jpeg 780w, https:\/\/djwilson.arto.work\/wp-content\/uploads\/2024\/12\/pexels-photo-2078071.jpeg 360w\" sizes=\"auto, (max-width: 480px) 150px\" src=\"https:\/\/djwilson.arto.work\/wp-content\/uploads\/2024\/12\/pexels-photo-2078071.jpeg\" alt=\"\" class=\"uag-image-12\" width=\"800\" height=\"383\" title=\"testimonial-image\" loading=\"lazy\" role=\"img\"\/><\/figure><\/div>\n<\/div><\/div>\n\n\n\n<div class=\"wp-block-uagb-slider-child uagb-slider-child-wrap swiper-slide uagb-block-f549e9e3\"><div class=\"swiper-content\">\n<div class=\"wp-block-uagb-image uagb-block-8b5e5d7c wp-block-uagb-image--layout-default wp-block-uagb-image--effect-static wp-block-uagb-image--align-none\"><figure class=\"wp-block-uagb-image__figure\"><img decoding=\"async\" srcset=\"https:\/\/djwilson.arto.work\/wp-content\/uploads\/2024\/12\/pexels-photo-2713711.jpeg ,https:\/\/djwilson.arto.work\/wp-content\/uploads\/2024\/12\/pexels-photo-2713711.jpeg 780w, https:\/\/djwilson.arto.work\/wp-content\/uploads\/2024\/12\/pexels-photo-2713711.jpeg 360w\" sizes=\"auto, (max-width: 480px) 150px\" src=\"https:\/\/djwilson.arto.work\/wp-content\/uploads\/2024\/12\/pexels-photo-2713711.jpeg\" alt=\"\" class=\"uag-image-13\" width=\"800\" height=\"383\" title=\"testimonial-img-01\" loading=\"lazy\" role=\"img\"\/><\/figure><\/div>\n<\/div><\/div>\n\n\n\n<div class=\"wp-block-uagb-slider-child uagb-slider-child-wrap swiper-slide uagb-block-d2f0ffdd\"><div class=\"swiper-content\">\n<div class=\"wp-block-uagb-image uagb-block-921fdaf8 wp-block-uagb-image--layout-default wp-block-uagb-image--effect-static wp-block-uagb-image--align-none\"><figure class=\"wp-block-uagb-image__figure\"><img decoding=\"async\" srcset=\"https:\/\/djwilson.arto.work\/wp-content\/uploads\/2024\/12\/pexels-photo-801863.jpeg ,https:\/\/djwilson.arto.work\/wp-content\/uploads\/2024\/12\/pexels-photo-801863.jpeg 780w, https:\/\/djwilson.arto.work\/wp-content\/uploads\/2024\/12\/pexels-photo-801863.jpeg 360w\" sizes=\"auto, (max-width: 480px) 150px\" src=\"https:\/\/djwilson.arto.work\/wp-content\/uploads\/2024\/12\/pexels-photo-801863.jpeg\" alt=\"\" class=\"uag-image-14\" width=\"800\" height=\"383\" title=\"testimonial-img-02\" loading=\"lazy\" role=\"img\"\/><\/figure><\/div>\n<\/div><\/div>\n\n\n\n<div class=\"wp-block-uagb-slider-child uagb-slider-child-wrap swiper-slide uagb-block-ca071be8\"><div class=\"swiper-content\">\n<div class=\"wp-block-uagb-image uagb-block-a5f9e82d wp-block-uagb-image--layout-default wp-block-uagb-image--effect-static wp-block-uagb-image--align-none\"><figure class=\"wp-block-uagb-image__figure\"><img decoding=\"async\" srcset=\"https:\/\/djwilson.arto.work\/wp-content\/uploads\/2024\/12\/pexels-photo-2240763.jpeg ,https:\/\/djwilson.arto.work\/wp-content\/uploads\/2024\/12\/pexels-photo-2240763.jpeg 780w, https:\/\/djwilson.arto.work\/wp-content\/uploads\/2024\/12\/pexels-photo-2240763.jpeg 360w\" sizes=\"auto, (max-width: 480px) 150px\" src=\"https:\/\/djwilson.arto.work\/wp-content\/uploads\/2024\/12\/pexels-photo-2240763.jpeg\" alt=\"\" class=\"uag-image-11\" width=\"800\" height=\"383\" title=\"testimonial-img-03\" loading=\"lazy\" role=\"img\"\/><\/figure><\/div>\n<\/div><\/div>\n<\/div><\/div><div class=\"swiper-button-prev\"><\/div><div class=\"swiper-button-next\"><\/div><\/div>\n<\/div>\n\n\n\n<div class=\"wp-block-uagb-container uagb-block-2cda85d8\">\n<div class=\"wp-block-uagb-star-rating uagb-block-610a24c2\"><div class=\"uag-star-rating\" title=\"5\/5\"><span class=\"uag-star\">\u2605<\/span><span class=\"uag-star\">\u2605<\/span><span class=\"uag-star\">\u2605<\/span><span class=\"uag-star\">\u2605<\/span><span class=\"uag-star\">\u2605<\/span><\/div><\/div>\n\n\n\n<div class=\"wp-block-uagb-testimonial uagb-slick-carousel uagb-tm__arrow-outside uagb-block-41867523 uagb-post__carousel_notset uagb-post__carousel_notset-tablet uagb-post__carousel_notset-mobile\"><div class=\"is-carousel uagb-tm__columns-1 uagb-tm__items\"><div class=\"uagb-testimonial__wrap  uagb-tm__imgicon-style-circle uagb-tm__image-position-bottom uagb-tm__bg-type-none\"><div class=\"uagb-tm__content\"><div class=\"uagb-tm__overlay\"><\/div><div class=\"uagb-tm__text-wrap\"><div class=\"uagb-tm__desc\">DJ Wilson hat unsere Hochzeitsnacht magisch gemacht! Seine F\u00e4higkeit, die Stimmung der G\u00e4ste zu lesen und die Musik perfekt zu mischen, hielt alle die ganze Nacht auf der Tanzfl\u00e4che. Sehr empfehlenswert f\u00fcr jeden Anlass.<\/div><div class=\"uagb-tm__meta-inner\"><div class=\"uagb-tm__image-content\"><div class=\"uagb-tm__image\"><img decoding=\"async\" class=\"uagb-tm-img-src\" src=\"https:\/\/djwilson.arto.work\/wp-content\/uploads\/2024\/10\/testimonial-skip-01.png\" alt=\"\" width=\"40\" height=\"40\" loading=\"lazy\"\/><\/div><\/div><div class=\"uagb-testimonial-details\"><span class=\"uagb-tm__author-name\">Sarah Johnson<\/span><span class=\"uagb-tm__company\"><\/span><\/div><\/div><\/div><\/div><\/div><\/div><\/div>\n<\/div>\n\n\n\n<div class=\"wp-block-uagb-container uagb-block-a50b50f1\">\n<div class=\"wp-block-uagb-star-rating uagb-block-60540f47\"><div class=\"uag-star-rating\" title=\"5\/5\"><span class=\"uag-star\">\u2605<\/span><span class=\"uag-star\">\u2605<\/span><span class=\"uag-star\">\u2605<\/span><span class=\"uag-star\">\u2605<\/span><span class=\"uag-star\">\u2605<\/span><\/div><\/div>\n\n\n\n<div class=\"wp-block-uagb-testimonial uagb-slick-carousel uagb-tm__arrow-outside uagb-block-db975117 uagb-post__carousel_notset uagb-post__carousel_notset-tablet uagb-post__carousel_notset-mobile\"><div class=\"is-carousel uagb-tm__columns-1 uagb-tm__items\"><div class=\"uagb-testimonial__wrap  uagb-tm__imgicon-style-circle uagb-tm__image-position-bottom uagb-tm__bg-type-none\"><div class=\"uagb-tm__content\"><div class=\"uagb-tm__overlay\"><\/div><div class=\"uagb-tm__text-wrap\"><div class=\"uagb-tm__desc\">DJ Wilson war fantastisch! Er hat die Musik m\u00fchelos an unsere G\u00e4ste angepasst und daf\u00fcr gesorgt, dass alle die ganze Nacht getanzt haben. Unsere G\u00e4ste reden noch immer dar\u00fcber, wie viel Spass sie hatten. Sehr empfehlenswert.<\/div><div class=\"uagb-tm__meta-inner\"><div class=\"uagb-tm__image-content\"><div class=\"uagb-tm__image\"><img decoding=\"async\" class=\"uagb-tm-img-src\" src=\"https:\/\/djwilson.arto.work\/wp-content\/uploads\/2024\/10\/testimonial-skip-02.png\" alt=\"\" width=\"40\" height=\"40\" loading=\"lazy\"\/><\/div><\/div><div class=\"uagb-testimonial-details\"><span class=\"uagb-tm__author-name\">Mark Smith<\/span><span class=\"uagb-tm__company\"><\/span><\/div><\/div><\/div><\/div><\/div><\/div><\/div>\n<\/div>\n\n\n\n<div class=\"wp-block-uagb-container uagb-block-3bece3e2\">\n<div class=\"wp-block-uagb-star-rating uagb-block-7059d020\"><div class=\"uag-star-rating\" title=\"5\/5\"><span class=\"uag-star\">\u2605<\/span><span class=\"uag-star\">\u2605<\/span><span class=\"uag-star\">\u2605<\/span><span class=\"uag-star\">\u2605<\/span><span class=\"uag-star\">\u2605<\/span><\/div><\/div>\n\n\n\n<div class=\"wp-block-uagb-testimonial uagb-slick-carousel uagb-tm__arrow-outside uagb-block-8e1c5e47 uagb-post__carousel_notset uagb-post__carousel_notset-tablet uagb-post__carousel_notset-mobile\"><div class=\"is-carousel uagb-tm__columns-1 uagb-tm__items\"><div class=\"uagb-testimonial__wrap  uagb-tm__imgicon-style-circle uagb-tm__image-position-bottom uagb-tm__bg-type-none\"><div class=\"uagb-tm__content\"><div class=\"uagb-tm__overlay\"><\/div><div class=\"uagb-tm__text-wrap\"><div class=\"uagb-tm__desc\">Von der ersten Beratung bis zum letzten Tanz war DJ Wilson unglaublich. Er hat unsere W\u00fcnsche ber\u00fccksichtigt und unsere Erwartungen \u00fcbertroffen. Unsere Hochzeit war ein Traum, und seine Musik hat sie unvergesslich gemacht. Vielen Dank.<\/div><div class=\"uagb-tm__meta-inner\"><div class=\"uagb-tm__image-content\"><div class=\"uagb-tm__image\"><img decoding=\"async\" class=\"uagb-tm-img-src\" src=\"https:\/\/djwilson.arto.work\/wp-content\/uploads\/2024\/10\/testimonial-skip-03.png\" alt=\"\" width=\"40\" height=\"40\" loading=\"lazy\"\/><\/div><\/div><div class=\"uagb-testimonial-details\"><span class=\"uagb-tm__author-name\">Jake Brown<\/span><span class=\"uagb-tm__company\"><\/span><\/div><\/div><\/div><\/div><\/div><\/div><\/div>\n<\/div>\n\n\n\n<div class=\"wp-block-uagb-container uagb-block-69ca0bdd\">\n<div class=\"wp-block-uagb-star-rating uagb-block-da5024e1\"><div class=\"uag-star-rating\" title=\"5\/5\"><span class=\"uag-star\">\u2605<\/span><span class=\"uag-star\">\u2605<\/span><span class=\"uag-star\">\u2605<\/span><span class=\"uag-star\">\u2605<\/span><span class=\"uag-star\">\u2605<\/span><\/div><\/div>\n\n\n\n<div class=\"wp-block-uagb-testimonial uagb-slick-carousel uagb-tm__arrow-outside uagb-block-c1521521 uagb-post__carousel_notset uagb-post__carousel_notset-tablet uagb-post__carousel_notset-mobile\"><div class=\"is-carousel uagb-tm__columns-1 uagb-tm__items\"><div class=\"uagb-testimonial__wrap  uagb-tm__imgicon-style-circle uagb-tm__image-position-bottom uagb-tm__bg-type-none\"><div class=\"uagb-tm__content\"><div class=\"uagb-tm__overlay\"><\/div><div class=\"uagb-tm__text-wrap\"><div class=\"uagb-tm__desc\">Ich kann DJ Wilson nicht genug danken, dass er unser Firmenevent zu einem Erfolg gemacht hat. Seine F\u00e4higkeit, die G\u00e4ste einzusch\u00e4tzen und die richtige Musik zur richtigen Zeit zu spielen, war beeindruckend. Alle hatten eine tolle Zeit.<\/div><div class=\"uagb-tm__meta-inner\"><div class=\"uagb-tm__image-content\"><div class=\"uagb-tm__image\"><img decoding=\"async\" class=\"uagb-tm-img-src\" src=\"https:\/\/djwilson.arto.work\/wp-content\/uploads\/2024\/10\/testimonial-skip-04.png\" alt=\"\" width=\"40\" height=\"40\" loading=\"lazy\"\/><\/div><\/div><div class=\"uagb-testimonial-details\"><span class=\"uagb-tm__author-name\">Tom White<\/span><span class=\"uagb-tm__company\"><\/span><\/div><\/div><\/div><\/div><\/div><\/div><\/div>\n<\/div>\n\n\n\n<div class=\"wp-block-uagb-container uagb-block-9c0f847a\">\n<div class=\"wp-block-uagb-star-rating uagb-block-fac9ed26\"><div class=\"uag-star-rating\" title=\"5\/5\"><span class=\"uag-star\">\u2605<\/span><span class=\"uag-star\">\u2605<\/span><span class=\"uag-star\">\u2605<\/span><span class=\"uag-star\">\u2605<\/span><span class=\"uag-star\">\u2605<\/span><\/div><\/div>\n\n\n\n<div class=\"wp-block-uagb-testimonial uagb-slick-carousel uagb-tm__arrow-outside uagb-block-09746d11 uagb-post__carousel_notset uagb-post__carousel_notset-tablet uagb-post__carousel_notset-mobile\"><div class=\"is-carousel uagb-tm__columns-1 uagb-tm__items\"><div class=\"uagb-testimonial__wrap  uagb-tm__imgicon-style-circle uagb-tm__image-position-bottom uagb-tm__bg-type-none\"><div class=\"uagb-tm__content\"><div class=\"uagb-tm__overlay\"><\/div><div class=\"uagb-tm__text-wrap\"><div class=\"uagb-tm__desc\">DJ Wilson hat eine elektrisierende Atmosph\u00e4re auf unsere private Feier gebracht. Sein umfangreiches Musikrepertoire sorgte daf\u00fcr, dass f\u00fcr jeden etwas dabei war, und er hielt die Energie die ganze Nacht hoch. Ein unvergessliches Erlebnis, das wir gerne wiederholen w\u00fcrden.<\/div><div class=\"uagb-tm__meta-inner\"><div class=\"uagb-tm__image-content\"><div class=\"uagb-tm__image\"><img decoding=\"async\" class=\"uagb-tm-img-src\" src=\"https:\/\/djwilson.arto.work\/wp-content\/uploads\/2024\/10\/testimonial-skip-05.png\" alt=\"\" width=\"40\" height=\"40\" loading=\"lazy\"\/><\/div><\/div><div class=\"uagb-testimonial-details\"><span class=\"uagb-tm__author-name\">Rachel Green<\/span><span class=\"uagb-tm__company\"><\/span><\/div><\/div><\/div><\/div><\/div><\/div><\/div>\n<\/div>\n\n\n\n<div class=\"wp-block-uagb-container uagb-block-28823d39\">\n<div class=\"wp-block-uagb-star-rating uagb-block-c4cfaaad\"><div class=\"uag-star-rating\" title=\"5\/5\"><span class=\"uag-star\">\u2605<\/span><span class=\"uag-star\">\u2605<\/span><span class=\"uag-star\">\u2605<\/span><span class=\"uag-star\">\u2605<\/span><span class=\"uag-star\">\u2605<\/span><\/div><\/div>\n\n\n\n<div class=\"wp-block-uagb-testimonial uagb-slick-carousel uagb-tm__arrow-outside uagb-block-e9e03c1a uagb-post__carousel_notset uagb-post__carousel_notset-tablet uagb-post__carousel_notset-mobile\"><div class=\"is-carousel uagb-tm__columns-1 uagb-tm__items\"><div class=\"uagb-testimonial__wrap  uagb-tm__imgicon-style-circle uagb-tm__image-position-bottom uagb-tm__bg-type-none\"><div class=\"uagb-tm__content\"><div class=\"uagb-tm__overlay\"><\/div><div class=\"uagb-tm__text-wrap\"><div class=\"uagb-tm__desc\">Wir haben DJ Wilson f\u00fcr unsere Verlobungsfeier engagiert, und er hat uns nicht entt\u00e4uscht. Sein interaktiver Ansatz hat unsere G\u00e4ste eingebunden, und die Musik war einfach perfekt. Wir h\u00e4tten uns keine bessere Feier vorstellen k\u00f6nnen. Vielen Dank.<\/div><div class=\"uagb-tm__meta-inner\"><div class=\"uagb-tm__image-content\"><div class=\"uagb-tm__image\"><img decoding=\"async\" class=\"uagb-tm-img-src\" src=\"https:\/\/djwilson.arto.work\/wp-content\/uploads\/2024\/10\/testimonial-skip-06.png\" alt=\"\" width=\"40\" height=\"40\" loading=\"lazy\"\/><\/div><\/div><div class=\"uagb-testimonial-details\"><span class=\"uagb-tm__author-name\">Sara Johnson<\/span><span class=\"uagb-tm__company\"><\/span><\/div><\/div><\/div><\/div><\/div><\/div><\/div>\n<\/div>\n\n\n\n<div class=\"wp-block-uagb-container uagb-block-d6029cb5\">\n<div class=\"wp-block-uagb-star-rating uagb-block-ce80198c\"><div class=\"uag-star-rating\" title=\"5\/5\"><span class=\"uag-star\">\u2605<\/span><span class=\"uag-star\">\u2605<\/span><span class=\"uag-star\">\u2605<\/span><span class=\"uag-star\">\u2605<\/span><span class=\"uag-star\">\u2605<\/span><\/div><\/div>\n\n\n\n<div class=\"wp-block-uagb-testimonial uagb-slick-carousel uagb-tm__arrow-outside uagb-block-0053fb8e uagb-post__carousel_notset uagb-post__carousel_notset-tablet uagb-post__carousel_notset-mobile\"><div class=\"is-carousel uagb-tm__columns-1 uagb-tm__items\"><div class=\"uagb-testimonial__wrap  uagb-tm__imgicon-style-circle uagb-tm__image-position-bottom uagb-tm__bg-type-none\"><div class=\"uagb-tm__content\"><div class=\"uagb-tm__overlay\"><\/div><div class=\"uagb-tm__text-wrap\"><div class=\"uagb-tm__desc\">DJ Wilson ist ein echter Profi. Seine nahtlosen \u00dcberg\u00e4nge und sein perfektes Timing hielten die Tanzfl\u00e4che bei unserem Event die ganze Zeit voll. Er hat unsere Jubil\u00e4umsfeier unglaublich speziell und unvergesslich gemacht. Sehr empfehlenswert.<\/div><div class=\"uagb-tm__meta-inner\"><div class=\"uagb-tm__image-content\"><div class=\"uagb-tm__image\"><img decoding=\"async\" class=\"uagb-tm-img-src\" src=\"https:\/\/djwilson.arto.work\/wp-content\/uploads\/2024\/10\/testimonial-skip-07.png\" alt=\"\" width=\"40\" height=\"40\" loading=\"lazy\"\/><\/div><\/div><div class=\"uagb-testimonial-details\"><span class=\"uagb-tm__author-name\">Emily Clark<\/span><span class=\"uagb-tm__company\"><\/span><\/div><\/div><\/div><\/div><\/div><\/div><\/div>\n<\/div>\n<\/div><\/div>\n\n\n\n<div class=\"wp-block-uagb-image uagb-block-03241235 wp-block-uagb-image--layout-default wp-block-uagb-image--effect-static wp-block-uagb-image--align-none\"><figure class=\"wp-block-uagb-image__figure\"><img decoding=\"async\" srcset=\"https:\/\/djwilson.arto.work\/wp-content\/uploads\/2024\/12\/djwilsonsmile-1024x683.jpg ,https:\/\/djwilson.arto.work\/wp-content\/uploads\/2024\/12\/djwilsonsmile.jpg 780w, https:\/\/djwilson.arto.work\/wp-content\/uploads\/2024\/12\/djwilsonsmile.jpg 360w\" sizes=\"auto, (max-width: 480px) 150px\" src=\"https:\/\/djwilson.arto.work\/wp-content\/uploads\/2024\/12\/djwilsonsmile-1024x683.jpg\" alt=\"\" class=\"uag-image-835\" width=\"1200\" height=\"800\" title=\"djwilsonsmile\" loading=\"lazy\" role=\"img\"\/><\/figure><\/div>\n\n\n\n<div class=\"wp-block-uagb-container uagb-block-a0200235 alignfull uagb-is-root-container\"><div class=\"uagb-container-inner-blocks-wrap\">\n<div class=\"wp-block-uagb-call-to-action uagb-block-c9597051 wp-block-button\"><div class=\"uagb-cta__wrap\"><h2 class=\"uagb-cta__title\">Folge mir auf Instagram<\/h2><\/div><div class=\"uagb-cta__buttons\"><a href=\"#\" class=\"uagb-cta__button-link-wrapper wp-block-button__link\" target=\"_self\" rel=\"noopener noreferrer\">Folge auf Instagram<\/a><\/div><\/div>\n\n\n\n<div class=\"wp-block-uagb-container uagb-layout-grid uagb-block-1e9a4002\">\n<div class=\"wp-block-uagb-image uagb-block-4675924b wp-block-uagb-image--layout-default wp-block-uagb-image--effect-static wp-block-uagb-image--align-none\"><figure class=\"wp-block-uagb-image__figure\"><img decoding=\"async\" srcset=\"https:\/\/djwilson.arto.work\/wp-content\/uploads\/2024\/12\/pexels-photo-2078071.jpeg ,https:\/\/djwilson.arto.work\/wp-content\/uploads\/2024\/12\/pexels-photo-2078071.jpeg 780w, https:\/\/djwilson.arto.work\/wp-content\/uploads\/2024\/12\/pexels-photo-2078071.jpeg 360w\" sizes=\"auto, (max-width: 480px) 150px\" src=\"https:\/\/djwilson.arto.work\/wp-content\/uploads\/2024\/12\/pexels-photo-2078071.jpeg\" alt=\"\" class=\"uag-image-12\" width=\"284\" height=\"262\" title=\"social-feed-img-01\" loading=\"lazy\" role=\"img\"\/><\/figure><\/div>\n\n\n\n<div class=\"wp-block-uagb-image uagb-block-6fe0df3f wp-block-uagb-image--layout-default wp-block-uagb-image--effect-static wp-block-uagb-image--align-none\"><figure class=\"wp-block-uagb-image__figure\"><img decoding=\"async\" srcset=\"https:\/\/djwilson.arto.work\/wp-content\/uploads\/2024\/12\/pexels-photo-2713711.jpeg ,https:\/\/djwilson.arto.work\/wp-content\/uploads\/2024\/12\/pexels-photo-2713711.jpeg 780w, https:\/\/djwilson.arto.work\/wp-content\/uploads\/2024\/12\/pexels-photo-2713711.jpeg 360w\" sizes=\"auto, (max-width: 480px) 150px\" src=\"https:\/\/djwilson.arto.work\/wp-content\/uploads\/2024\/12\/pexels-photo-2713711.jpeg\" alt=\"\" class=\"uag-image-13\" width=\"284\" height=\"262\" title=\"social-feed-img-02\" loading=\"lazy\" role=\"img\"\/><\/figure><\/div>\n\n\n\n<div class=\"wp-block-uagb-image uagb-block-31249b68 wp-block-uagb-image--layout-default wp-block-uagb-image--effect-static wp-block-uagb-image--align-none\"><figure class=\"wp-block-uagb-image__figure\"><img decoding=\"async\" srcset=\"https:\/\/djwilson.arto.work\/wp-content\/uploads\/2024\/12\/pexels-photo-801863.jpeg ,https:\/\/djwilson.arto.work\/wp-content\/uploads\/2024\/12\/pexels-photo-801863.jpeg 780w, https:\/\/djwilson.arto.work\/wp-content\/uploads\/2024\/12\/pexels-photo-801863.jpeg 360w\" sizes=\"auto, (max-width: 480px) 150px\" src=\"https:\/\/djwilson.arto.work\/wp-content\/uploads\/2024\/12\/pexels-photo-801863.jpeg\" alt=\"\" class=\"uag-image-14\" width=\"284\" height=\"262\" title=\"social-feed-img-03\" loading=\"lazy\" role=\"img\"\/><\/figure><\/div>\n\n\n\n<div class=\"wp-block-uagb-image uagb-block-4f36728d wp-block-uagb-image--layout-default wp-block-uagb-image--effect-static wp-block-uagb-image--align-none\"><figure class=\"wp-block-uagb-image__figure\"><img decoding=\"async\" srcset=\"https:\/\/djwilson.arto.work\/wp-content\/uploads\/2024\/12\/pexels-photo-2240763.jpeg ,https:\/\/djwilson.arto.work\/wp-content\/uploads\/2024\/12\/pexels-photo-2240763.jpeg 780w, https:\/\/djwilson.arto.work\/wp-content\/uploads\/2024\/12\/pexels-photo-2240763.jpeg 360w\" sizes=\"auto, (max-width: 480px) 150px\" src=\"https:\/\/djwilson.arto.work\/wp-content\/uploads\/2024\/12\/pexels-photo-2240763.jpeg\" alt=\"\" class=\"uag-image-11\" width=\"284\" height=\"262\" title=\"social-feed-img-04\" loading=\"lazy\" role=\"img\"\/><\/figure><\/div>\n<\/div>\n<\/div><\/div>\n\n\n\n<div class=\"wp-block-uagb-container uagb-block-4d9f1c9f alignfull uagb-is-root-container\"><div class=\"uagb-container-inner-blocks-wrap\">\n<div class=\"wp-block-uagb-container uagb-block-d9bc673c\">\n<div class=\"wp-block-uagb-info-box uagb-block-833e209d uagb-infobox__content-wrap  uagb-infobox-icon-above-title uagb-infobox-image-valign-top\"><div class=\"uagb-ifb-content\"><div class=\"uagb-ifb-title-wrap\"><p class=\"uagb-ifb-title-prefix\">Bereit zum Feiern?<\/p><h2 class=\"uagb-ifb-title\">Lass uns dein Event unvergesslich machen!<\/h2><\/div><p class=\"uagb-ifb-desc\">Kontaktiere mich noch heute, um deine Vorstellungen zu besprechen, und lass mich \u2013 DJ Wilson \u2013 den perfekten Soundtrack f\u00fcr deinen besonderen Anlass gestalten.<\/p><div class=\"uagb-ifb-button-wrapper wp-block-button\"><a href=\"\/de\/contact\/\" class=\"uagb-infobox-cta-link wp-block-button__link\" target=\"_self\" rel=\"noopener noreferrer\" onclick=\"return true;\"><span class=\"uagb-inline-editing\">Buche dein Event<\/span><\/a><\/div><\/div><\/div>\n<\/div>\n<\/div><\/div>","protected":false},"excerpt":{"rendered":"<p>The Memories I Help Create Hear from my clients about the joy, energy, and unforgettable moments I\u2019ve brought to their [&hellip;]<\/p>\n","protected":false},"author":1,"featured_media":0,"parent":0,"menu_order":0,"comment_status":"closed","ping_status":"closed","template":"","meta":{"_uag_custom_page_level_css":"","site-sidebar-layout":"default","site-content-layout":"","ast-site-content-layout":"default","site-content-style":"default","site-sidebar-style":"default","ast-global-header-display":"","ast-banner-title-visibility":"","ast-main-header-display":"","ast-hfb-above-header-display":"","ast-hfb-below-header-display":"","ast-hfb-mobile-header-display":"","site-post-title":"disabled","ast-breadcrumbs-content":"","ast-featured-img":"","footer-sml-layout":"","ast-disable-related-posts":"","theme-transparent-header-meta":"enabled","adv-header-id-meta":"","stick-header-meta":"","header-above-stick-meta":"","header-main-stick-meta":"","header-below-stick-meta":"","astra-migrate-meta-layouts":"default","ast-page-background-enabled":"default","ast-page-background-meta":{"desktop":{"background-color":"var(--ast-global-color-4)","background-image":"","background-repeat":"repeat","background-position":"center center","background-size":"auto","background-attachment":"scroll","background-type":"","background-media":"","overlay-type":"","overlay-color":"","overlay-opacity":"","overlay-gradient":""},"tablet":{"background-color":"","background-image":"","background-repeat":"repeat","background-position":"center center","background-size":"auto","background-attachment":"scroll","background-type":"","background-media":"","overlay-type":"","overlay-color":"","overlay-opacity":"","overlay-gradient":""},"mobile":{"background-color":"","background-image":"","background-repeat":"repeat","background-position":"center center","background-size":"auto","background-attachment":"scroll","background-type":"","background-media":"","overlay-type":"","overlay-color":"","overlay-opacity":"","overlay-gradient":""}},"ast-content-background-meta":{"desktop":{"background-color":"var(--ast-global-color-5)","background-image":"","background-repeat":"repeat","background-position":"center center","background-size":"auto","background-attachment":"scroll","background-type":"","background-media":"","overlay-type":"","overlay-color":"","overlay-opacity":"","overlay-gradient":""},"tablet":{"background-color":"var(--ast-global-color-5)","background-image":"","background-repeat":"repeat","background-position":"center center","background-size":"auto","background-attachment":"scroll","background-type":"","background-media":"","overlay-type":"","overlay-color":"","overlay-opacity":"","overlay-gradient":""},"mobile":{"background-color":"var(--ast-global-color-5)","background-image":"","background-repeat":"repeat","background-position":"center center","background-size":"auto","background-attachment":"scroll","background-type":"","background-media":"","overlay-type":"","overlay-color":"","overlay-opacity":"","overlay-gradient":""}},"footnotes":""},"class_list":["post-358","page","type-page","status-publish","hentry"],"uagb_featured_image_src":{"full":false,"thumbnail":false,"medium":false,"medium_large":false,"large":false,"1536x1536":false,"2048x2048":false,"trp-custom-language-flag":false},"uagb_author_info":{"display_name":"DJ Wilson","author_link":"https:\/\/djwilson.arto.work\/de\/author\/artosteiner\/"},"uagb_comment_info":0,"uagb_excerpt":"The Memories I Help Create Hear from my clients about the joy, energy, and unforgettable moments I\u2019ve brought to their [&hellip;]","_links":{"self":[{"href":"https:\/\/djwilson.arto.work\/de\/wp-json\/wp\/v2\/pages\/358","targetHints":{"allow":["GET"]}}],"collection":[{"href":"https:\/\/djwilson.arto.work\/de\/wp-json\/wp\/v2\/pages"}],"about":[{"href":"https:\/\/djwilson.arto.work\/de\/wp-json\/wp\/v2\/types\/page"}],"author":[{"embeddable":true,"href":"https:\/\/djwilson.arto.work\/de\/wp-json\/wp\/v2\/users\/1"}],"replies":[{"embeddable":true,"href":"https:\/\/djwilson.arto.work\/de\/wp-json\/wp\/v2\/comments?post=358"}],"version-history":[{"count":4,"href":"https:\/\/djwilson.arto.work\/de\/wp-json\/wp\/v2\/pages\/358\/revisions"}],"predecessor-version":[{"id":837,"href":"https:\/\/djwilson.arto.work\/de\/wp-json\/wp\/v2\/pages\/358\/revisions\/837"}],"wp:attachment":[{"href":"https:\/\/djwilson.arto.work\/de\/wp-json\/wp\/v2\/media?parent=358"}],"curies":[{"name":"wp","href":"https:\/\/api.w.org\/{rel}","templated":true}]}}