{"id":874,"date":"2025-01-01T21:45:43","date_gmt":"2025-01-01T20:45:43","guid":{"rendered":"https:\/\/djwilson.arto.work\/?page_id=874"},"modified":"2025-01-15T13:19:42","modified_gmt":"2025-01-15T12:19:42","slug":"legal-notice","status":"publish","type":"page","link":"https:\/\/djwilson.arto.work\/de\/legal-notice\/","title":{"rendered":"Impressum"},"content":{"rendered":"<div class=\"wp-block-uagb-container uagb-block-ca9cc2aa alignfull uagb-is-root-container\"><div class=\"uagb-container-inner-blocks-wrap\">\n<h2 class=\"wp-block-heading\">Website Besitzer<\/h2>\n\n\n\n<p>Wilson Adebayo<br>H\u00f6fliweg<br>8055 Zurich<br>Switzerland<br>E-Mail: <a href=\"mailto:info@djwilson.ch\">info@djwilson.ch<\/a><br>Telefon: +41 78 727 89 84<\/p>\n\n\n\n<h2 class=\"wp-block-heading\">Verantwortlich f\u00fcr den Inhalt<\/h2>\n\n\n\n<p>Wilson Adebayo<br>Kontaktdetails oben.<\/p>\n\n\n\n<h2 class=\"wp-block-heading\">Haftungsausschluss<\/h2>\n\n\n\n<p>Die Inhalte dieser Website werden mit gr\u00f6\u00dfter Sorgfalt erstellt. Der Betreiber \u00fcbernimmt jedoch keine Haftung f\u00fcr die Richtigkeit, Vollst\u00e4ndigkeit oder Aktualit\u00e4t der Inhalte. Diese Website kann Links zu externen Websites enthalten, f\u00fcr deren Inhalte der Betreiber keine Verantwortung \u00fcbernimmt.<\/p>\n\n\n\n<h2 class=\"wp-block-heading\">Urheberrecht<\/h2>\n\n\n\n<p>Die Inhalte und Werke auf dieser Website sind urheberrechtlich gesch\u00fctzt. Jede Vervielf\u00e4ltigung, Bearbeitung, Verbreitung oder jegliche Form der Verwertung au\u00dferhalb der Grenzen des Urheberrechts bedarf der vorherigen schriftlichen Zustimmung.<\/p>\n\n\n\n<h2 class=\"wp-block-heading\">Kontakt<\/h2>\n\n\n\n<p>F\u00fcr Fragen oder Anliegen wende dich bitte an: <a href=\"mailto:info@djwilson.ch\">info@djwilson.ch<\/a>.<\/p>\n<\/div><\/div>","protected":false},"excerpt":{"rendered":"<p>Website Owner Wilson AdebayoH\u00f6fliweg8055 ZurichSwitzerlandEmail: info@djwilson.chPhone: +41 78 727 89 84 Responsible for Content Wilson AdebayoContact details as above. Disclaimer [&hellip;]<\/p>\n","protected":false},"author":1,"featured_media":0,"parent":0,"menu_order":0,"comment_status":"closed","ping_status":"closed","template":"","meta":{"_uag_custom_page_level_css":"","site-sidebar-layout":"default","site-content-layout":"","ast-site-content-layout":"default","site-content-style":"default","site-sidebar-style":"default","ast-global-header-display":"","ast-banner-title-visibility":"","ast-main-header-display":"","ast-hfb-above-header-display":"","ast-hfb-below-header-display":"","ast-hfb-mobile-header-display":"","site-post-title":"","ast-breadcrumbs-content":"","ast-featured-img":"","footer-sml-layout":"","ast-disable-related-posts":"","theme-transparent-header-meta":"","adv-header-id-meta":"","stick-header-meta":"","header-above-stick-meta":"","header-main-stick-meta":"","header-below-stick-meta":"","astra-migrate-meta-layouts":"default","ast-page-background-enabled":"default","ast-page-background-meta":{"desktop":{"background-color":"var(--ast-global-color-4)","background-image":"","background-repeat":"repeat","background-position":"center center","background-size":"auto","background-attachment":"scroll","background-type":"","background-media":"","overlay-type":"","overlay-color":"","overlay-opacity":"","overlay-gradient":""},"tablet":{"background-color":"","background-image":"","background-repeat":"repeat","background-position":"center center","background-size":"auto","background-attachment":"scroll","background-type":"","background-media":"","overlay-type":"","overlay-color":"","overlay-opacity":"","overlay-gradient":""},"mobile":{"background-color":"","background-image":"","background-repeat":"repeat","background-position":"center center","background-size":"auto","background-attachment":"scroll","background-type":"","background-media":"","overlay-type":"","overlay-color":"","overlay-opacity":"","overlay-gradient":""}},"ast-content-background-meta":{"desktop":{"background-color":"var(--ast-global-color-5)","background-image":"","background-repeat":"repeat","background-position":"center center","background-size":"auto","background-attachment":"scroll","background-type":"","background-media":"","overlay-type":"","overlay-color":"","overlay-opacity":"","overlay-gradient":""},"tablet":{"background-color":"var(--ast-global-color-5)","background-image":"","background-repeat":"repeat","background-position":"center center","background-size":"auto","background-attachment":"scroll","background-type":"","background-media":"","overlay-type":"","overlay-color":"","overlay-opacity":"","overlay-gradient":""},"mobile":{"background-color":"var(--ast-global-color-5)","background-image":"","background-repeat":"repeat","background-position":"center center","background-size":"auto","background-attachment":"scroll","background-type":"","background-media":"","overlay-type":"","overlay-color":"","overlay-opacity":"","overlay-gradient":""}},"footnotes":""},"class_list":["post-874","page","type-page","status-publish","hentry"],"uagb_featured_image_src":{"full":false,"thumbnail":false,"medium":false,"medium_large":false,"large":false,"1536x1536":false,"2048x2048":false,"trp-custom-language-flag":false},"uagb_author_info":{"display_name":"DJ Wilson","author_link":"https:\/\/djwilson.arto.work\/de\/author\/artosteiner\/"},"uagb_comment_info":0,"uagb_excerpt":"Website Owner Wilson AdebayoH\u00f6fliweg8055 ZurichSwitzerlandEmail: info@djwilson.chPhone: +41 78 727 89 84 Responsible for Content Wilson AdebayoContact details as above. Disclaimer [&hellip;]","_links":{"self":[{"href":"https:\/\/djwilson.arto.work\/de\/wp-json\/wp\/v2\/pages\/874","targetHints":{"allow":["GET"]}}],"collection":[{"href":"https:\/\/djwilson.arto.work\/de\/wp-json\/wp\/v2\/pages"}],"about":[{"href":"https:\/\/djwilson.arto.work\/de\/wp-json\/wp\/v2\/types\/page"}],"author":[{"embeddable":true,"href":"https:\/\/djwilson.arto.work\/de\/wp-json\/wp\/v2\/users\/1"}],"replies":[{"embeddable":true,"href":"https:\/\/djwilson.arto.work\/de\/wp-json\/wp\/v2\/comments?post=874"}],"version-history":[{"count":1,"href":"https:\/\/djwilson.arto.work\/de\/wp-json\/wp\/v2\/pages\/874\/revisions"}],"predecessor-version":[{"id":875,"href":"https:\/\/djwilson.arto.work\/de\/wp-json\/wp\/v2\/pages\/874\/revisions\/875"}],"wp:attachment":[{"href":"https:\/\/djwilson.arto.work\/de\/wp-json\/wp\/v2\/media?parent=874"}],"curies":[{"name":"wp","href":"https:\/\/api.w.org\/{rel}","templated":true}]}}